{"id":1818,"date":"2019-11-11T09:43:44","date_gmt":"2019-11-11T09:43:44","guid":{"rendered":"http:\/\/okthemes.com\/lucia-vineyards-demo\/?page_id=1818"},"modified":"2024-09-04T09:12:08","modified_gmt":"2024-09-04T07:12:08","slug":"home","status":"publish","type":"page","link":"https:\/\/rinosartori.it\/it\/","title":{"rendered":"Home &#8211; IT"},"content":{"rendered":"<div class=\"wpb-content-wrapper\"><p>[vc_row equal_height=&#8221;yes&#8221; content_placement=&#8221;middle&#8221;][vc_column width=&#8221;1\/2&#8243; css=&#8221;.vc_custom_1579617745168{padding-top: 15% !important;padding-right: 15% !important;padding-bottom: 15% !important;padding-left: 15% !important;background-color: #2c2c2c !important;}&#8221;]\n\t<div class=\"title-subtitle-box  \" style=\" text-align: left;\">\n\t\t<h1 style=\" font-weight: normal;\" class=\"special-title\" >Benvenuto<\/h1>\n\t\t<span class=\"subtitle\" style=\"\">Presentiamo vini pluripremiati prodotti esclusivamente nella nostra azienda a conduzione familiare.<\/span>\n\t\t<span class=\"gg-horizontal-line\"><\/span>\n\t\t<div class=\"box-description\"><p><span class=\"VIiyi\" lang=\"it\"><span class=\"JLqJ4b ChMk0b\" data-language-for-alternatives=\"it\" data-language-to-translate-into=\"en\" data-phrase-index=\"0\" data-number-of-phrases=\"1\"><span class=\"Q4iAWc\">Creati per coloro che amano le cose belle della vita, questi vini pregiati sono lodati per la loro profondit\u00e0, intensit\u00e0 e capacit\u00e0 di invecchiare con grazia.<\/span><\/span><\/span><\/p>\n<\/div><div class=\"gg-special-button-wrapper  special-button-align-left special-button-style-btn-primary\"><a class=\"btn btn-primary\" href=\"https:\/\/rinosartori.it\/it\/chi-siamo\/\" title=\"La Nostra Storia\" target=\"_self\">La Nostra Storia<\/a><\/div>\n\t<\/div> [\/vc_column][vc_column width=&#8221;1\/2&#8243; add_reveal_effect=&#8221;yes&#8221; css=&#8221;.vc_custom_1681801508229{padding-top: 15% !important;padding-right: 15% !important;padding-bottom: 15% !important;padding-left: 15% !important;background-image: url(http:\/\/rinosartori.it\/it\/wp-content\/uploads\/sites\/2\/2023\/04\/vigneto-back3-scaled.jpg?id=4738) !important;background-position: center !important;background-repeat: no-repeat !important;background-size: cover !important;}&#8221;][vc_empty_space height=&#8221;500px&#8221;][\/vc_column][\/vc_row][vc_row equal_height=&#8221;yes&#8221; content_placement=&#8221;middle&#8221;][vc_column width=&#8221;1\/2&#8243; add_reveal_effect=&#8221;yes&#8221; css=&#8221;.vc_custom_1684849230193{padding-top: 15% !important;padding-right: 15% !important;padding-bottom: 15% !important;padding-left: 15% !important;background-image: url(http:\/\/rinosartori.it\/it\/wp-content\/uploads\/sites\/2\/2023\/05\/grappolo500.jpg?id=4886) !important;background-position: center !important;background-repeat: no-repeat !important;background-size: cover !important;}&#8221;][vc_empty_space height=&#8221;500px&#8221;][\/vc_column][vc_column width=&#8221;1\/2&#8243; css=&#8221;.vc_custom_1684849223548{padding-top: 15% !important;padding-right: 15% !important;padding-bottom: 15% !important;padding-left: 15% !important;background-color: #2c2c2c !important;background-position: center !important;background-repeat: no-repeat !important;background-size: cover !important;}&#8221;]\n\t<div class=\"title-subtitle-box  \" style=\" text-align: left;\">\n\t\t<h1 style=\" font-weight: normal;\" class=\"special-title\" >Dicono Di Noi<\/h1>\n\t\t<span class=\"subtitle\" style=\"\">Le nostre radici affondano in questa regione. Con decenni di agricoltura familiare, il nome Rino Sartori \u00e8 diventato pi\u00f9 di una semplice Azienda vinicola: \u00e8 una cultura del vino.<\/span>\n\t\t<span class=\"gg-horizontal-line\"><\/span><div class=\"gg-special-button-wrapper  special-button-align-left special-button-style-btn-primary\"><a class=\"btn btn-primary\" href=\"https:\/\/rinosartori.it\/it\/chi-siamo\/\" title=\"La Nostra Storia\" target=\"_self\">La Nostra Storia<\/a><\/div>\n\t<\/div> [\/vc_column][\/vc_row][vc_row][vc_column][vc_row_inner][vc_column_inner width=&#8221;1\/4&#8243;][\/vc_column_inner][vc_column_inner width=&#8221;1\/2&#8243;]\n\t<div class=\"title-subtitle-box  \" style=\" text-align: center;\">\n\t\t<h1 style=\" font-weight: normal;\" class=\"special-title\" >\n\t\t<span class=\"toptitle\" style=\"\">RINO SARTORI<\/span>Vini Di Famiglia<\/h1>\n\t\t<span class=\"subtitle\" style=\"\">Scoprire il successo \u00e8 un processo di apprendimento costante. La versatilit\u00e0 della nostra gamma di vini introduce e accompagna tutti coloro che vogliono scoprire questo mondo affascinante.<\/span>\n\t<\/div> [\/vc_column_inner][vc_column_inner width=&#8221;1\/4&#8243;][\/vc_column_inner][\/vc_row_inner][\/vc_column][\/vc_row][vc_row gap=&#8221;15&#8243;][vc_column width=&#8221;1\/3&#8243;]\n\t<div class=\"featured-image-box   text-align-center overlay_style_1  \">\n\t\t<a class=\"wrapper-link\" href=\"http:\/\/rinosartori.it\/it\/visita-e-degustazione\/\" title=\"LEGGI\" target=\"_self\"><\/a>\n\t\t<figure class=\"\">\n\t\t\t<div class=\"image-wrapper\">\n\t\t\t<img loading=\"lazy\" decoding=\"async\" width=\"1100\" height=\"1400\" src=\"https:\/\/rinosartori.it\/it\/wp-content\/uploads\/sites\/2\/2022\/09\/botte01.jpg\" class=\"vc_single_image-img attachment-full\" alt=\"\" title=\"botte01\" srcset=\"https:\/\/rinosartori.it\/it\/wp-content\/uploads\/sites\/2\/2022\/09\/botte01.jpg 1100w, https:\/\/rinosartori.it\/it\/wp-content\/uploads\/sites\/2\/2022\/09\/botte01-236x300.jpg 236w, https:\/\/rinosartori.it\/it\/wp-content\/uploads\/sites\/2\/2022\/09\/botte01-805x1024.jpg 805w, https:\/\/rinosartori.it\/it\/wp-content\/uploads\/sites\/2\/2022\/09\/botte01-768x977.jpg 768w, https:\/\/rinosartori.it\/it\/wp-content\/uploads\/sites\/2\/2022\/09\/botte01-19x24.jpg 19w, https:\/\/rinosartori.it\/it\/wp-content\/uploads\/sites\/2\/2022\/09\/botte01-28x36.jpg 28w, https:\/\/rinosartori.it\/it\/wp-content\/uploads\/sites\/2\/2022\/09\/botte01-38x48.jpg 38w, https:\/\/rinosartori.it\/it\/wp-content\/uploads\/sites\/2\/2022\/09\/botte01-64x81.jpg 64w\" sizes=\"auto, (max-width: 1100px) 100vw, 1100px\" \/>\n\t\t\t<\/div>\n\t\t<figcaption>\n\t\t\t<h4>Visita e degustazione<\/h4>\n\t\t\t<p>Per un elegante e affascinante tour sensoriale concedetevi delle indimenticabili degustazioni delle nostre migliori selezioni dei vini firmati Rino Sartori<\/p>\n\t\t<span><svg viewBox=\"0 0 16 9\" class=\"featured-image-link-arrow\"><path fill=\"currentColor\" d=\"M10.964 3.953 L8.011 6.906 L8.011 6.228 L8.011 4.458 L0 4.458 L0 3.447 L8.011 3.447 L8.011 1.675 L8.011 1Z\"><\/path><\/svg><\/span>\n\t\t\t<a class=\"\" href=\"http:\/\/rinosartori.it\/it\/visita-e-degustazione\/\" title=\"LEGGI\" target=\"_self\">LEGGI<\/a>\n\t\t<\/figcaption>\n\t\t<\/figure>\n\t<\/div> [\/vc_column][vc_column width=&#8221;1\/3&#8243;]\n\t<div class=\"featured-image-box   text-align-center overlay_style_1  \">\n\t\t<a class=\"wrapper-link\" href=\"https:\/\/rinosartori.it\/it\/nostra-valpolicella\/\" title=\"LEGGI\" target=\"_self\"><\/a>\n\t\t<figure class=\"\">\n\t\t\t<div class=\"image-wrapper\">\n\t\t\t<img loading=\"lazy\" decoding=\"async\" width=\"1100\" height=\"1400\" src=\"https:\/\/rinosartori.it\/it\/wp-content\/uploads\/sites\/2\/2022\/09\/territorio4.png\" class=\"vc_single_image-img attachment-full\" alt=\"\" title=\"territorio4\" srcset=\"https:\/\/rinosartori.it\/it\/wp-content\/uploads\/sites\/2\/2022\/09\/territorio4.png 1100w, https:\/\/rinosartori.it\/it\/wp-content\/uploads\/sites\/2\/2022\/09\/territorio4-236x300.png 236w, https:\/\/rinosartori.it\/it\/wp-content\/uploads\/sites\/2\/2022\/09\/territorio4-805x1024.png 805w, https:\/\/rinosartori.it\/it\/wp-content\/uploads\/sites\/2\/2022\/09\/territorio4-768x977.png 768w, https:\/\/rinosartori.it\/it\/wp-content\/uploads\/sites\/2\/2022\/09\/territorio4-19x24.png 19w, https:\/\/rinosartori.it\/it\/wp-content\/uploads\/sites\/2\/2022\/09\/territorio4-28x36.png 28w, https:\/\/rinosartori.it\/it\/wp-content\/uploads\/sites\/2\/2022\/09\/territorio4-38x48.png 38w, https:\/\/rinosartori.it\/it\/wp-content\/uploads\/sites\/2\/2022\/09\/territorio4-64x81.png 64w\" sizes=\"auto, (max-width: 1100px) 100vw, 1100px\" \/>\n\t\t\t<\/div>\n\t\t<figcaption>\n\t\t\t<h4>La Nostra Valpolicella<\/h4>\n\t\t\t<p>I grandi vini iniziano in vigna<\/p>\n\t\t<span><svg viewBox=\"0 0 16 9\" class=\"featured-image-link-arrow\"><path fill=\"currentColor\" d=\"M10.964 3.953 L8.011 6.906 L8.011 6.228 L8.011 4.458 L0 4.458 L0 3.447 L8.011 3.447 L8.011 1.675 L8.011 1Z\"><\/path><\/svg><\/span>\n\t\t\t<a class=\"\" href=\"https:\/\/rinosartori.it\/it\/nostra-valpolicella\/\" title=\"LEGGI\" target=\"_self\">LEGGI<\/a>\n\t\t<\/figcaption>\n\t\t<\/figure>\n\t<\/div> [\/vc_column][vc_column width=&#8221;1\/3&#8243;]\n\t<div class=\"featured-image-box   text-align-center overlay_style_1  \">\n\t\t<a class=\"wrapper-link\" href=\"http:\/\/rinosartori.it\/it\/green\/\" title=\"LEGGI\" target=\"_self\"><\/a>\n\t\t<figure class=\"\">\n\t\t\t<div class=\"image-wrapper\">\n\t\t\t<img loading=\"lazy\" decoding=\"async\" width=\"1100\" height=\"1400\" src=\"https:\/\/rinosartori.it\/it\/wp-content\/uploads\/sites\/2\/2023\/05\/carosel4.jpg\" class=\"vc_single_image-img attachment-full\" alt=\"\" title=\"carosel4\" srcset=\"https:\/\/rinosartori.it\/it\/wp-content\/uploads\/sites\/2\/2023\/05\/carosel4.jpg 1100w, https:\/\/rinosartori.it\/it\/wp-content\/uploads\/sites\/2\/2023\/05\/carosel4-236x300.jpg 236w, https:\/\/rinosartori.it\/it\/wp-content\/uploads\/sites\/2\/2023\/05\/carosel4-805x1024.jpg 805w, https:\/\/rinosartori.it\/it\/wp-content\/uploads\/sites\/2\/2023\/05\/carosel4-768x977.jpg 768w, https:\/\/rinosartori.it\/it\/wp-content\/uploads\/sites\/2\/2023\/05\/carosel4-19x24.jpg 19w, https:\/\/rinosartori.it\/it\/wp-content\/uploads\/sites\/2\/2023\/05\/carosel4-28x36.jpg 28w, https:\/\/rinosartori.it\/it\/wp-content\/uploads\/sites\/2\/2023\/05\/carosel4-38x48.jpg 38w\" sizes=\"auto, (max-width: 1100px) 100vw, 1100px\" \/>\n\t\t\t<\/div>\n\t\t<figcaption>\n\t\t\t<h4>Green<\/h4>\n\t\t\t<p>Dalla fondazione della Societ\u00e0 Agricola Rino Sartori la famiglia Sartori ha abbracciato appieno il concetto di Green<\/p>\n\t\t<span><svg viewBox=\"0 0 16 9\" class=\"featured-image-link-arrow\"><path fill=\"currentColor\" d=\"M10.964 3.953 L8.011 6.906 L8.011 6.228 L8.011 4.458 L0 4.458 L0 3.447 L8.011 3.447 L8.011 1.675 L8.011 1Z\"><\/path><\/svg><\/span>\n\t\t\t<a class=\"\" href=\"http:\/\/rinosartori.it\/it\/green\/\" title=\"LEGGI\" target=\"_self\">LEGGI<\/a>\n\t\t<\/figcaption>\n\t\t<\/figure>\n\t<\/div> [\/vc_column][\/vc_row][vc_row css=&#8221;.vc_custom_1581953294730{padding-top: 10% !important;padding-right: 10% !important;padding-bottom: 10% !important;padding-left: 10% !important;background-image: url(http:\/\/okthemes.com\/lucia-vineyards-demo\/wp-content\/uploads\/2019\/05\/demo-pic-wide-1000&#215;650-1.jpg?id=3809) !important;background-position: center !important;background-repeat: no-repeat !important;background-size: cover !important;}&#8221;][vc_column]\n\t<div class=\"title-subtitle-box  \" style=\" text-align: left;\">\n\t\t<h1 style=\" font-weight: normal;\" class=\"special-title\" >\n\t\t<span class=\"toptitle\" style=\"\">Play<\/span>Guarda il video<\/h1>\n\t<\/div> \n\t<div class=\"video-button-wrapper  text-align-center primary-color icon-size-large wow el-to-fade\">\n\t<a class=\"video-button\" href=\"https:\/\/rinosartori.it\/it\/wp-content\/uploads\/sites\/2\/2022\/08\/sequenza.mp4\" data-lity><svg xmlns=\"http:\/\/www.w3.org\/2000\/svg\" width=\"148\" height=\"148\" viewBox=\"0 0 148 148\">\r\n\t\t  <path class=\"video-circle-path\" d=\"M83,72a1.586,1.586,0,0,1,0,2L66.354,84.64a1.212,1.212,0,0,1-1.714,0V62.354a1.212,1.212,0,0,1,1.714,0Z\"\/>\r\n\t\t  <circle class=\"video-circle\" cx=\"74\" cy=\"74\" r=\"72\"\/>\r\n\t\t<\/svg><\/a>\n\t<\/div>[\/vc_column][\/vc_row]<\/p>\n<\/div>","protected":false},"excerpt":{"rendered":"<p>[vc_row equal_height=&#8221;yes&#8221; content_placement=&#8221;middle&#8221;][vc_column width=&#8221;1\/2&#8243; css=&#8221;.vc_custom_1579617745168{padding-top: 15% !important;padding-right: 15% !important;padding-bottom: 15% !important;padding-left: 15% !important;background-color: #2c2c2c !important;}&#8221;][\/vc_column][vc_column width=&#8221;1\/2&#8243; add_reveal_effect=&#8221;yes&#8221; css=&#8221;.vc_custom_1681801508229{padding-top: 15% !important;padding-right: 15% !important;padding-bottom: 15% !important;padding-left: 15% !important;background-image: url(http:\/\/rinosartori.it\/it\/wp-content\/uploads\/sites\/2\/2023\/04\/vigneto-back3-scaled.jpg?id=4738) !important;background-position: center !important;background-repeat: no-repeat !important;background-size: cover !important;}&#8221;][vc_empty_space height=&#8221;500px&#8221;][\/vc_column][\/vc_row][vc_row equal_height=&#8221;yes&#8221; content_placement=&#8221;middle&#8221;][vc_column width=&#8221;1\/2&#8243; add_reveal_effect=&#8221;yes&#8221; css=&#8221;.vc_custom_1684849230193{padding-top: 15% !important;padding-right: 15% !important;padding-bottom: 15% !important;padding-left: 15% !important;background-image: url(http:\/\/rinosartori.it\/it\/wp-content\/uploads\/sites\/2\/2023\/05\/grappolo500.jpg?id=4886) !important;background-position: center !important;background-repeat: no-repeat !important;background-size: cover<\/p>\n<p class=\"more-link-wrapper\"><a class=\"btn btn-primary\" href=\"https:\/\/rinosartori.it\/it\/\">Read More<\/a><\/p>\n","protected":false},"author":1,"featured_media":0,"parent":0,"menu_order":0,"comment_status":"closed","ping_status":"closed","template":"","meta":{"footnotes":""},"class_list":["post-1818","page","type-page","status-publish","hentry"],"acf":[],"aioseo_notices":[],"_links":{"self":[{"href":"https:\/\/rinosartori.it\/it\/wp-json\/wp\/v2\/pages\/1818","targetHints":{"allow":["GET"]}}],"collection":[{"href":"https:\/\/rinosartori.it\/it\/wp-json\/wp\/v2\/pages"}],"about":[{"href":"https:\/\/rinosartori.it\/it\/wp-json\/wp\/v2\/types\/page"}],"author":[{"embeddable":true,"href":"https:\/\/rinosartori.it\/it\/wp-json\/wp\/v2\/users\/1"}],"replies":[{"embeddable":true,"href":"https:\/\/rinosartori.it\/it\/wp-json\/wp\/v2\/comments?post=1818"}],"version-history":[{"count":57,"href":"https:\/\/rinosartori.it\/it\/wp-json\/wp\/v2\/pages\/1818\/revisions"}],"predecessor-version":[{"id":5283,"href":"https:\/\/rinosartori.it\/it\/wp-json\/wp\/v2\/pages\/1818\/revisions\/5283"}],"wp:attachment":[{"href":"https:\/\/rinosartori.it\/it\/wp-json\/wp\/v2\/media?parent=1818"}],"curies":[{"name":"wp","href":"https:\/\/api.w.org\/{rel}","templated":true}]}}