{"id":4827,"date":"2023-05-22T17:11:24","date_gmt":"2023-05-22T15:11:24","guid":{"rendered":"http:\/\/rinosartori.it\/it\/?page_id=4827"},"modified":"2025-01-22T08:18:32","modified_gmt":"2025-01-22T07:18:32","slug":"chi-siamo","status":"publish","type":"page","link":"https:\/\/rinosartori.it\/it\/chi-siamo\/","title":{"rendered":"Chi siamo"},"content":{"rendered":"<div class=\"wpb-content-wrapper\"><p>[vc_row css=&#8221;.vc_custom_1684773186518{background-color: #2c2c2c !important;}&#8221;][vc_column width=&#8221;1\/2&#8243;]\n\t<div class=\"title-subtitle-box  \" style=\" text-align: left;\">\n\t\t<h1 style=\" font-weight: normal;\" class=\"special-title\" >La Nostra Storia<\/h1>\n\t\t<span class=\"gg-horizontal-line\"><\/span>\n\t\t<div class=\"box-description\"><p>La Societ\u00e0 Agricola Rino Sartori \u00e8 stata fondata agli inizi degli anni \u201870.<\/p>\n<p>L\u2019acquisizione, nel tempo, di nuovi vigneti ha permesso di raggiungere un\u2019estensione di circa 160 ettari. Con l\u2019aumento della produzione l\u2019azienda \u00e8 oggi una delle pi\u00f9 importanti e storiche realt\u00e0 della Valpolicella.<\/p>\n<p>La Famiglia si tramanda di generazione in generazione la passione per la viticoltura, frutto di antiche tradizioni e innovative soluzioni tecnologiche. La Cantina, immersa nel cuore della Valpolicella Classica, \u00e8 il fulcro dell\u2019attivit\u00e0. Qui le uve vengono lavorate immediatamente dopo la raccolta, mentre quelle migliori, destinate all\u2019appassimento, vengono conservate per mesi in fruttai e sottoposte a continui controlli interni e da parte di enti certificatori.<\/p>\n<p>La Societ\u00e0 Agricola Rino Sartori offre sia vini rossi blasonati e caratteristici del territorio nonch\u00e9 l\u2019Amarone della Valpolicella DOCG Classico, presente nelle versioni Riserva, il Valpolicella Ripasso Doc Superiore, il Recioto della Valpolicella DOCG Classico, il Rosso Verona IGT e il Rosso Veneto Passito IGT ma anche bianchi di spessore quali Prosecco DOC presente nella versione in bianco e in ros\u00e8 e il Lugana Doc.<\/p>\n<p>Da tempo si \u00e8 intrapreso un percorso rivolto all\u2019internazionalizzazione per far conoscere i propri prodotti sullo scenario mondiale. Per questo motivo l\u2019Azienda ha partecipato e continua ad aderire ai pi\u00f9 grandi concorsi che vengono proposti per il settore enologico, ottenendo importanti riconoscimenti che attestano l\u2019eccellenza dei vini Rino Sartori, guidati dalla Famiglia Giammaria Sartori che hanno permesso la diffusione del proprio brand nel mercato Europeo, Asiatico ed Americano.\u00a0 Frutto del successo ottenuto \u00e8 anche l\u2019anima e lo spirito green dell\u2019Azienda da sempre attenta all\u2019ecosostenibilit\u00e0. Questo viene attestato attraverso rigorose pratiche agronomiche in vigneto, che ci permettono di ottenere la certificazione SQNPI (Sistema Qualit\u00e0 Nazionale di Produzione Integrata) e, quotidianamente, attraverso l\u2019attenzione a tutto ci\u00f2 che \u00e8 ambientalmente sostenibile.<\/p>\n<p>&nbsp;<\/p>\n<\/div>\n\t<\/div> [\/vc_column][vc_column width=&#8221;1\/2&#8243; add_reveal_effect=&#8221;yes&#8221;][vc_empty_space height=&#8221;900px&#8221; css=&#8221;.vc_custom_1684773305790{background-image: url(http:\/\/rinosartori.it\/it\/wp-content\/uploads\/sites\/2\/2022\/08\/who-we-are-1-1.jpg?id=4109) !important;background-position: center !important;background-repeat: no-repeat !important;background-size: cover !important;}&#8221;][\/vc_column][\/vc_row][vc_row][vc_column][vc_column_text css=&#8221;.vc_custom_1684772895385{margin-bottom: 0px !important;border-bottom-width: 0px !important;padding-bottom: 0px !important;}&#8221;]<\/p>\n<h3 style=\"text-align: center\">Creati per coloro che amano le cose belle della vita, questi vini pregiati sono lodati per la loro profondit\u00e0, intensit\u00e0 e capacit\u00e0 di invecchiare con grazia.<\/h3>\n<p>[\/vc_column_text][\/vc_column][\/vc_row][vc_row css=&#8221;.vc_custom_1684770369226{background-color: #2c2c2c !important;}&#8221;][vc_column css=&#8221;.vc_custom_1684770203128{margin-top: 0px !important;border-top-width: 0px !important;padding-top: 0px !important;}&#8221;][vc_column_text css_animation=&#8221;fadeIn&#8221; css=&#8221;.vc_custom_1684773066960{margin-top: -20px !important;}&#8221;]<\/p>\n<h1 style=\"text-align: center\">Il Nostro Mestiere<\/h1>\n<h2 style=\"text-align: center\"><span style=\"color: #808080\">\u00e8 da sempre stato amore per creare la qualit\u00e0<\/span><\/h2>\n<p style=\"text-align: center\"><img loading=\"lazy\" decoding=\"async\" class=\"alignnone size-full wp-image-2135\" src=\"http:\/\/rinosartori.it\/it\/wp-content\/uploads\/sites\/2\/2019\/12\/craft-barrels.png\" alt=\"\" width=\"531\" height=\"353\" \/><\/p>\n<p>[\/vc_column_text][\/vc_column][\/vc_row][vc_row full_height=&#8221;yes&#8221;][vc_column][vc_gallery type=&#8221;nivo&#8221; interval=&#8221;3&#8243; images=&#8221;4162,4156,3874&#8243; img_size=&#8221;full&#8221; onclick=&#8221;&#8221;][\/vc_column][\/vc_row]<\/p>\n<\/div>","protected":false},"excerpt":{"rendered":"<p>[vc_row css=&#8221;.vc_custom_1684773186518{background-color: #2c2c2c !important;}&#8221;][vc_column width=&#8221;1\/2&#8243;][\/vc_column][vc_column width=&#8221;1\/2&#8243; add_reveal_effect=&#8221;yes&#8221;][vc_empty_space height=&#8221;900px&#8221; css=&#8221;.vc_custom_1684773305790{background-image: url(http:\/\/rinosartori.it\/it\/wp-content\/uploads\/sites\/2\/2022\/08\/who-we-are-1-1.jpg?id=4109) !important;background-position: center !important;background-repeat: no-repeat !important;background-size: cover !important;}&#8221;][\/vc_column][\/vc_row][vc_row][vc_column][vc_column_text css=&#8221;.vc_custom_1684772895385{margin-bottom: 0px !important;border-bottom-width: 0px !important;padding-bottom: 0px !important;}&#8221;] Creati per coloro che amano le cose belle della vita, questi vini pregiati sono lodati per la loro profondit\u00e0, intensit\u00e0 e capacit\u00e0 di invecchiare con grazia. [\/vc_column_text][\/vc_column][\/vc_row][vc_row css=&#8221;.vc_custom_1684770369226{background-color: #2c2c2c !important;}&#8221;][vc_column css=&#8221;.vc_custom_1684770203128{margin-top:<\/p>\n<p class=\"more-link-wrapper\"><a class=\"btn btn-primary\" href=\"https:\/\/rinosartori.it\/it\/chi-siamo\/\">Read More<\/a><\/p>\n","protected":false},"author":1,"featured_media":5046,"parent":0,"menu_order":0,"comment_status":"closed","ping_status":"closed","template":"","meta":{"footnotes":""},"class_list":["post-4827","page","type-page","status-publish","has-post-thumbnail","hentry","has_thumb"],"acf":[],"aioseo_notices":[],"_links":{"self":[{"href":"https:\/\/rinosartori.it\/it\/wp-json\/wp\/v2\/pages\/4827","targetHints":{"allow":["GET"]}}],"collection":[{"href":"https:\/\/rinosartori.it\/it\/wp-json\/wp\/v2\/pages"}],"about":[{"href":"https:\/\/rinosartori.it\/it\/wp-json\/wp\/v2\/types\/page"}],"author":[{"embeddable":true,"href":"https:\/\/rinosartori.it\/it\/wp-json\/wp\/v2\/users\/1"}],"replies":[{"embeddable":true,"href":"https:\/\/rinosartori.it\/it\/wp-json\/wp\/v2\/comments?post=4827"}],"version-history":[{"count":52,"href":"https:\/\/rinosartori.it\/it\/wp-json\/wp\/v2\/pages\/4827\/revisions"}],"predecessor-version":[{"id":5303,"href":"https:\/\/rinosartori.it\/it\/wp-json\/wp\/v2\/pages\/4827\/revisions\/5303"}],"wp:featuredmedia":[{"embeddable":true,"href":"https:\/\/rinosartori.it\/it\/wp-json\/wp\/v2\/media\/5046"}],"wp:attachment":[{"href":"https:\/\/rinosartori.it\/it\/wp-json\/wp\/v2\/media?parent=4827"}],"curies":[{"name":"wp","href":"https:\/\/api.w.org\/{rel}","templated":true}]}}